{"id":5474,"date":"2015-02-12T16:07:51","date_gmt":"2015-02-12T18:07:51","guid":{"rendered":"http:\/\/escritacontabilidade.adv.br\/blog\/?page_id=5474"},"modified":"2015-02-19T18:08:19","modified_gmt":"2015-02-19T20:08:19","slug":"contabilidade-do-futuro","status":"publish","type":"page","link":"https:\/\/escritacontabilidade.adv.br\/blog\/contabilidade-do-futuro\/","title":{"rendered":"Contabilidade do Futuro"},"content":{"rendered":"<p>Lendo a opini\u00e3o de diversos colegas  sobre o atual momento que passa a nossa profiss\u00e3o, com base na leitura de diversos artigos e acompanhando a opini\u00e3o de diversos profissionais, tudo leva a crer em uma forte tend\u00eancia na redu\u00e7\u00e3o do n\u00famero de escrit\u00f3rios, em uma mudan\u00e7a no perfil dos profissionais da contabilidade e na especializa\u00e7\u00e3o dos servi\u00e7os.<\/p>\n<p>Oferecer mais que contabilidade ser\u00e1 fundamental, v\u00e1rios escrit\u00f3rios (que agora est\u00e3o adotando a forma de se chamarem Empresas de Contabilidade) est\u00e3o oferecendo mais servi\u00e7os agregados, principalmente no que tange a tecnologia, isto tamb\u00e9m causa press\u00e3o sobre os menores. Somente fazer a contabilidade, j\u00e1 n\u00e3o interessa mais a maioria dos clientes que s\u00e3o organizados e querem crescer de forma segura.<\/p>\n<p>E esta press\u00e3o causada pela concorr\u00eancia dos maiores dificulta para quem est\u00e1 come\u00e7ando, pois requer conhecimento multidisciplinar, coisa que as faculdades est\u00e3o longe de ensinar, e o in\u00edcio de carreira n\u00e3o oferece suporte suficiente para tamanha press\u00e3o.<\/p>\n<p>\u00c9 ineg\u00e1vel que os profissionais passam por uma press\u00e3o muito grande, mas por outro lado cabe tamb\u00e9m ao empres\u00e1rio cont\u00e1bil, ver o seu escrit\u00f3rio como um neg\u00f3cio, colocar o seu lado empreendedor nesta situa\u00e7\u00e3o e procurar oportunidades, parcerias, ampliar conhecimentos.<\/p>\n<p>N\u00e3o podemos esquecer tamb\u00e9m uma quest\u00e3o hist\u00f3rica (que prejudicou muito a imagem do profissional cont\u00e1bil) que partiu de muitos profissionais da classe quer fosse por estarem mal informados ou por desleixo, que escrituravam somente o Livro Caixa de seus clientes (mesmo sendo a escrita cont\u00e1bil fundamental para gest\u00e3o e obrigat\u00f3ria por lei), e n\u00e3o apresentavam sequer um relat\u00f3rio cont\u00e1bil para o cliente.<\/p>\n<p>Al\u00e9m do que as visitas ao cliente ocorriam\u2026quase nunca\u2026n\u00e3o sendo somente para retirar\/entregar documentos e cobrar honor\u00e1rios, sendo tudo isto realizado na maioria das vezes por um office-boy. Estes fatos deixaram uma imagem negativa a ser revertida. Fazendo o empres\u00e1rio ver o Contador\/Escrit\u00f3rio como mais uma despesa e n\u00e3o um parceiro fundamental no seu crescimento.<\/p>\n<p>Selecionar os clientes, livrar-se daqueles que s\u00f3 d\u00e3o trabalho e pouco lucro tamb\u00e9m \u00e9 fundamental!<\/p>\n<p>Por outro lado ocorre tamb\u00e9m a especializa\u00e7\u00e3o de muitas empresas de contabilidade: alguns fazendo somente a folha de pagamento para empresas e mesmo para outros empresas de contabilidade (o que por um lado \u00e9 muito bom para quem terceiriza pois reduz custos).<\/p>\n<p>Outros est\u00e3o especializados na \u00e1rea de educa\u00e7\u00e3o, atendendo somente escolas.<\/p>\n<p>Outros est\u00e3o especializados no terceiro setor, atendendo OSCIPs, Associa\u00e7\u00f5es e Funda\u00e7\u00f5es.<\/p>\n<p>Ainda h\u00e1 outros especializados na \u00e1rea m\u00e9dica, atendendo m\u00e9dicos, clinicas m\u00e9dicas, laborat\u00f3rios, hospitais, etc..<\/p>\n<p>Fora aqueles que atendem somente o setor de servi\u00e7os.<\/p>\n<p>Ainda h\u00e1 outros escrit\u00f3rios\/empresas de contabilidade que oferecem treinamentos sobre gest\u00e3o aos seus clientes.<\/p>\n<p>Fora empresas do exterior que chegam apresentando novidades como esta: hrblock que \u00e9 especialista em Imposto de Renda e chegou ao Brasil recentemente, e j\u00e1 atende nos EUA, Canad\u00e1 e Austr\u00e1lia.<\/p>\n<p>O que vejo com certeza \u00e9 que oferecer somente os servi\u00e7os cont\u00e1beis n\u00e3o ser\u00e1 mais suficiente, a n\u00e3o ser para clientes pequenos. Isto at\u00e9 o Governo Federal criar algo mais abrangente que o MEI e tamb\u00e9m n\u00e3o exigir contabilidade destes pequenos, o que pode tornar o mercado ainda mais restrito e competitivo.<\/p>\n<p>Mas a\u00ed tamb\u00e9m reside um outro detalhe importante, a contabilidade \u00e9 um servi\u00e7o essencial a qualquer empresa e n\u00e3o somente uma exig\u00eancia do governo. Sendo obrigat\u00f3ria ou n\u00e3o \u00e9 uma ferramenta para a gest\u00e3o de qualquer empresa.<\/p>\n<p>Mas ainda acredito no sucesso das empresas de contabilidade, mas, n\u00e3o mais prestando somente a execu\u00e7\u00e3o dos servi\u00e7os cont\u00e1beis, n\u00e3o mais realizando a contabilidade de todo tipo de empresa, n\u00e3o mais com o respons\u00e1vel somente dentro do escrit\u00f3rio.<\/p>\n<p>Todas as a\u00e7\u00f5es de uma empresa s\u00e3o registradas pela contabilidade, sendo esta o \u00fanico recurso confi\u00e1vel para a gest\u00e3o eficiente de qualquer empresa que deseja crescer baseada em informa\u00e7\u00f5es s\u00f3lidas.<\/p>\n<p>A contabilidade \u00e9 um produto a ser vendido!<\/p>\n<p>Um abra\u00e7o a todos!<\/p>\n","protected":false},"excerpt":{"rendered":"<p>Lendo a opini\u00e3o de diversos colegas sobre o atual momento que passa a nossa profiss\u00e3o, com base na leitura de diversos artigos e acompanhando a opini\u00e3o de diversos profissionais, tudo leva a crer em uma forte tend\u00eancia na redu\u00e7\u00e3o do n\u00famero de escrit\u00f3rios, em uma mudan\u00e7a no perfil dos profissionais da contabilidade e na especializa\u00e7\u00e3o [&hellip;]<\/p>\n","protected":false},"author":1,"featured_media":0,"parent":0,"menu_order":0,"comment_status":"open","ping_status":"open","template":"","meta":{"jetpack_post_was_ever_published":false},"jetpack_sharing_enabled":true,"jetpack_shortlink":"https:\/\/wp.me\/P28224-1qi","jetpack_likes_enabled":true,"jetpack-related-posts":[{"id":5504,"url":"https:\/\/escritacontabilidade.adv.br\/blog\/contato\/","url_meta":{"origin":5474,"position":0},"title":"Contato","author":"Clayton Teles das Merces","date":"19 fevereiro 2015","format":false,"excerpt":"http:\/\/www.escritacontabilidade.adv.br\/ < p>Contatos: Diretoria Dr. Alex Jos\u00e9 de Paula - alex@escritacontabilidade.adv.br Departamento de Pessoal - RH pessoal@escritacontabilidade.adv.br Departamento Fiscal fiscal@escritacontabilidade.adv.br Departamento Contabil contabil@escritacontabilidade.adv.br Departamento Juridico Dra. Raquel - juridico@escritacontabilidade.adv.br Departamento de Tecnologia Mr Claytonet - suporte@escritacontabilidade.adv.br","rel":"","context":"Post similar","block_context":{"text":"Post similar","link":""},"img":{"alt_text":"","src":"","width":0,"height":0},"classes":[]}],"_links":{"self":[{"href":"https:\/\/escritacontabilidade.adv.br\/blog\/wp-json\/wp\/v2\/pages\/5474"}],"collection":[{"href":"https:\/\/escritacontabilidade.adv.br\/blog\/wp-json\/wp\/v2\/pages"}],"about":[{"href":"https:\/\/escritacontabilidade.adv.br\/blog\/wp-json\/wp\/v2\/types\/page"}],"author":[{"embeddable":true,"href":"https:\/\/escritacontabilidade.adv.br\/blog\/wp-json\/wp\/v2\/users\/1"}],"replies":[{"embeddable":true,"href":"https:\/\/escritacontabilidade.adv.br\/blog\/wp-json\/wp\/v2\/comments?post=5474"}],"version-history":[{"count":3,"href":"https:\/\/escritacontabilidade.adv.br\/blog\/wp-json\/wp\/v2\/pages\/5474\/revisions"}],"predecessor-version":[{"id":5503,"href":"https:\/\/escritacontabilidade.adv.br\/blog\/wp-json\/wp\/v2\/pages\/5474\/revisions\/5503"}],"wp:attachment":[{"href":"https:\/\/escritacontabilidade.adv.br\/blog\/wp-json\/wp\/v2\/media?parent=5474"}],"curies":[{"name":"wp","href":"https:\/\/api.w.org\/{rel}","templated":true}]}}